{"id":37,"date":"2018-04-15T05:26:44","date_gmt":"2018-04-15T05:26:44","guid":{"rendered":"https:\/\/majaniemi.org\/?page_id=37"},"modified":"2026-04-27T19:53:50","modified_gmt":"2026-04-27T19:53:50","slug":"etusivu","status":"publish","type":"page","link":"https:\/\/majaniemi.org\/en\/","title":{"rendered":"Majaniemen m\u00f6kki, Etel\u00e4-Konneveden kansallispuisto"},"content":{"rendered":"<div data-elementor-type=\"wp-page\" data-elementor-id=\"37\" class=\"elementor elementor-37\" data-elementor-post-type=\"page\">\n\t\t\t\t<div class=\"elementor-element elementor-element-4498a07b e-flex e-con-boxed e-con e-parent\" data-id=\"4498a07b\" data-element_type=\"container\" data-e-type=\"container\">\n\t\t\t\t\t<div class=\"e-con-inner\">\n\t\t<div class=\"elementor-element elementor-element-f16adfc e-con-full e-flex e-con e-child\" data-id=\"f16adfc\" data-element_type=\"container\" data-e-type=\"container\" data-settings=\"{&quot;background_background&quot;:&quot;classic&quot;}\">\n\t\t\t\t<div class=\"elementor-element elementor-element-c9f4ef4 elementor-widget elementor-widget-heading\" data-id=\"c9f4ef4\" data-element_type=\"widget\" data-e-type=\"widget\" data-widget_type=\"heading.default\">\n\t\t\t\t<div class=\"elementor-widget-container\">\n\t\t\t\t\t<h1 class=\"elementor-heading-title elementor-size-default\">MAJANIEMEN VUOKRAM\u00d6KKI<\/h1>\t\t\t\t<\/div>\n\t\t\t\t<\/div>\n\t\t\t\t<\/div>\n\t\t\t\t\t<\/div>\n\t\t\t\t<\/div>\n\t\t<div class=\"elementor-element elementor-element-a6846bb e-con-full e-flex e-con e-parent\" data-id=\"a6846bb\" data-element_type=\"container\" data-e-type=\"container\">\n\t\t<div class=\"elementor-element elementor-element-756e161 e-grid e-con-full e-con e-child\" data-id=\"756e161\" data-element_type=\"container\" data-e-type=\"container\">\n\t\t\t\t<div class=\"elementor-element elementor-element-a0b77aa elementor-widget elementor-widget-text-editor\" data-id=\"a0b77aa\" data-element_type=\"widget\" data-e-type=\"widget\" data-widget_type=\"text-editor.default\">\n\t\t\t\t<div class=\"elementor-widget-container\">\n\t\t\t\t\t\t\t\t\t<h3>Majaniemen vuokram\u00f6kki on retkeilij\u00e4n tukikohta keskell\u00e4 Etel\u00e4-Konneveden kansallispuistoa, Etel\u00e4-Konneveden kirkkaiden vesien \u00e4\u00e4ress\u00e4.<\/h3><p>While hiking the Kolmen Vuoren trail, you can stay overnight at the halfway point, enjoy the tranquility of the national park, and relax in the gentle steam of Majaniemi's old log sauna.<\/p><p>Majaniemi is also well-suited as a base for boaters and paddlers, with a water route of approximately 8 km from Hanhitaipale harbor. From the cottage, you can also hike the 2.8 km Loukkuvuori loop, which leads to the Loukkuvuori scenic viewpoint.<\/p><p>The cottage rental is handled through the online store by selecting the desired date from the reservation calendar below. Available dates are marked in dark green, while booked dates are shown in red.<\/p>\t\t\t\t\t\t\t\t<\/div>\n\t\t\t\t<\/div>\n\t\t\t\t<div class=\"elementor-element elementor-element-c53ea43 elementor-widget elementor-widget-image\" data-id=\"c53ea43\" data-element_type=\"widget\" data-e-type=\"widget\" data-widget_type=\"image.default\">\n\t\t\t\t<div class=\"elementor-widget-container\">\n\t\t\t\t\t\t\t\t\t\t\t\t\t\t\t<img fetchpriority=\"high\" decoding=\"async\" width=\"1432\" height=\"973\" src=\"https:\/\/majaniemi.org\/wp-content\/uploads\/2018\/04\/Majaniemi-ruokailukatos-e1777319556688.jpg\" class=\"attachment-full size-full wp-image-9\" alt=\"\" srcset=\"https:\/\/majaniemi.org\/wp-content\/uploads\/2018\/04\/Majaniemi-ruokailukatos-e1777319556688.jpg 1432w, https:\/\/majaniemi.org\/wp-content\/uploads\/2018\/04\/Majaniemi-ruokailukatos-e1777319556688-300x204.jpg 300w, https:\/\/majaniemi.org\/wp-content\/uploads\/2018\/04\/Majaniemi-ruokailukatos-e1777319556688-768x522.jpg 768w, https:\/\/majaniemi.org\/wp-content\/uploads\/2018\/04\/Majaniemi-ruokailukatos-e1777319556688-1024x696.jpg 1024w, https:\/\/majaniemi.org\/wp-content\/uploads\/2018\/04\/Majaniemi-ruokailukatos-e1777319556688-18x12.jpg 18w\" sizes=\"(max-width: 1432px) 100vw, 1432px\" \/>\t\t\t\t\t\t\t\t\t\t\t\t\t\t\t<\/div>\n\t\t\t\t<\/div>\n\t\t\t\t<\/div>\n\t\t\t\t<\/div>\n\t\t<div class=\"elementor-element elementor-element-bde320b e-con-full e-flex e-con e-parent\" data-id=\"bde320b\" data-element_type=\"container\" data-e-type=\"container\">\n\t\t<div class=\"elementor-element elementor-element-b66f9fd e-grid e-con-full e-con e-child\" data-id=\"b66f9fd\" data-element_type=\"container\" data-e-type=\"container\">\n\t\t\t\t<div class=\"elementor-element elementor-element-824f4f3 elementor-widget elementor-widget-text-editor\" data-id=\"824f4f3\" data-element_type=\"widget\" data-e-type=\"widget\" data-widget_type=\"text-editor.default\">\n\t\t\t\t<div class=\"elementor-widget-container\">\n\t\t\t\t\t\t\t\t\t<p>M\u00f6kiss\u00e4 on s\u00e4ngyt ja patjat nelj\u00e4lle hengelle, lis\u00e4ksi eteisess\u00e4 on kaksi kerros\u00e4nky\u00e4. Pihapiiriss\u00e4 on my\u00f6s mahdollista telttailla omassa teltassa tai laittaa riipumatto vanhojen m\u00e4ntyjen v\u00e4liin. My\u00f6s lemmikit ovat tervetulleita Majaniemeen. Katso tarkemmat tiedot <strong><a href=\"https:\/\/majaniemi.org\/fi\/ohjeita-mokin-ja-saunan-kayttajille\/\">Instructions for Cottage and Sauna Users<\/a><\/strong> -v\u00e4lilehdelt\u00e4.<br \/>The cottage is available for rent during the summer season, from May 1st to October 31st. The rental period always starts at 12:00 noon and ends at 11:00 AM the following day.<\/p><p>M\u00f6kin pihapiiriss\u00e4 voi satunnaisesti k\u00e4yd\u00e4 tauolla ja ruokailemassa Majaniemi ry:n osakkaiden j\u00e4rjest\u00e4mi\u00e4 melonta- tai laivaristeilyryhmi\u00e4 klo 12:00 \u2013 17:00 v\u00e4lisen\u00e4 aikana.<\/p><p>Muuna aikana m\u00f6kki on t\u00e4ysin vuokraajan k\u00e4yt\u00f6ss\u00e4.<\/p>\t\t\t\t\t\t\t\t<\/div>\n\t\t\t\t<\/div>\n\t\t\t\t<div class=\"elementor-element elementor-element-c0d2630 elementor-widget elementor-widget-image\" data-id=\"c0d2630\" data-element_type=\"widget\" data-e-type=\"widget\" data-widget_type=\"image.default\">\n\t\t\t\t<div class=\"elementor-widget-container\">\n\t\t\t\t\t\t\t\t\t\t\t\t\t\t\t<img decoding=\"async\" width=\"1386\" height=\"924\" src=\"https:\/\/majaniemi.org\/wp-content\/uploads\/2018\/04\/Majaniemen-m\u00f6kki.jpg\" class=\"attachment-full size-full wp-image-7\" alt=\"\" srcset=\"https:\/\/majaniemi.org\/wp-content\/uploads\/2018\/04\/Majaniemen-m\u00f6kki.jpg 1386w, https:\/\/majaniemi.org\/wp-content\/uploads\/2018\/04\/Majaniemen-m\u00f6kki-300x200.jpg 300w, https:\/\/majaniemi.org\/wp-content\/uploads\/2018\/04\/Majaniemen-m\u00f6kki-768x512.jpg 768w, https:\/\/majaniemi.org\/wp-content\/uploads\/2018\/04\/Majaniemen-m\u00f6kki-1024x683.jpg 1024w\" sizes=\"(max-width: 1386px) 100vw, 1386px\" \/>\t\t\t\t\t\t\t\t\t\t\t\t\t\t\t<\/div>\n\t\t\t\t<\/div>\n\t\t\t\t<\/div>\n\t\t\t\t<\/div>\n\t\t<div class=\"elementor-element elementor-element-6495dc6 e-con-full e-flex e-con e-parent\" data-id=\"6495dc6\" data-element_type=\"container\" data-e-type=\"container\">\n\t\t<div class=\"elementor-element elementor-element-821fb36 e-grid e-con-full e-con e-child\" data-id=\"821fb36\" data-element_type=\"container\" data-e-type=\"container\">\n\t\t\t\t<div class=\"elementor-element elementor-element-decc9e8 elementor-widget elementor-widget-text-editor\" data-id=\"decc9e8\" data-element_type=\"widget\" data-e-type=\"widget\" data-widget_type=\"text-editor.default\">\n\t\t\t\t<div class=\"elementor-widget-container\">\n\t\t\t\t\t\t\t\t\t<p>Majaniemi cottage is located on its own 0.5-hectare plot at the southern tip of Majaniemi, in the heart of the national park, 300 meters down a side trail from the Kolmen Vuoren hiking route. Originally, the tip of the peninsula was home to the Koski vicarage fishing lodge, owned by the Rautalampi parish, where the vicarage residents would take summer boat trips. Today, it is owned by the Laukaa parish, which has leased it to Majaniemi Ry. The association has restored the cottage and now rents it out as a base for hikers.<\/p>\n<h4>Welcome to Majaniemi!<\/h4>\t\t\t\t\t\t\t\t<\/div>\n\t\t\t\t<\/div>\n\t\t\t\t<div class=\"elementor-element elementor-element-a02f08d elementor-widget elementor-widget-image\" data-id=\"a02f08d\" data-element_type=\"widget\" data-e-type=\"widget\" data-widget_type=\"image.default\">\n\t\t\t\t<div class=\"elementor-widget-container\">\n\t\t\t\t\t\t\t\t\t\t\t\t\t\t\t<img decoding=\"async\" width=\"1386\" height=\"924\" src=\"https:\/\/majaniemi.org\/wp-content\/uploads\/2018\/04\/majaniemen-sauna-e1523806061172.jpg\" class=\"attachment-full size-full wp-image-8\" alt=\"\" \/>\t\t\t\t\t\t\t\t\t\t\t\t\t\t\t<\/div>\n\t\t\t\t<\/div>\n\t\t\t\t<\/div>\n\t\t\t\t<\/div>\n\t\t<div class=\"elementor-element elementor-element-44f3c91 e-con-full e-flex e-con e-parent\" data-id=\"44f3c91\" data-element_type=\"container\" data-e-type=\"container\">\n\t\t\t\t<div class=\"elementor-element elementor-element-e219843 elementor-widget elementor-widget-text-editor\" data-id=\"e219843\" data-element_type=\"widget\" data-e-type=\"widget\" data-widget_type=\"text-editor.default\">\n\t\t\t\t<div class=\"elementor-widget-container\">\n\t\t\t\t\t\t\t\t\t<h2>J\u00e4ik\u00f6 jokin askarruttamaan?<\/h2>\t\t\t\t\t\t\t\t<\/div>\n\t\t\t\t<\/div>\n\t\t\t\t<\/div>\n\t\t<div class=\"elementor-element elementor-element-2924a42 e-flex e-con-boxed e-con e-parent\" data-id=\"2924a42\" data-element_type=\"container\" data-e-type=\"container\">\n\t\t\t\t\t<div class=\"e-con-inner\">\n\t\t\t\t<div class=\"elementor-element elementor-element-f602891 elementor-widget elementor-widget-text-editor\" data-id=\"f602891\" data-element_type=\"widget\" data-e-type=\"widget\" data-widget_type=\"text-editor.default\">\n\t\t\t\t<div class=\"elementor-widget-container\">\n\t\t\t\t\t\t\t\t\t<p style=\"text-align: center;\">Lis\u00e4tietoja ja yhteystiedot:<\/p>\n<p style=\"text-align: center;\">Majaniemi ry. Markku Utriainen<br \/>puhelin 0505988944\/ S\u00e4hk\u00f6postilla: <a href=\"mailto:utriainen.markku64@gmail.com\">utriainen.markku64@gmail.com<\/a><\/p>\n<p style=\"text-align: center;\"><!-- \/wp:paragraph --><!-- wp:paragraph --><\/p>\t\t\t\t\t\t\t\t<\/div>\n\t\t\t\t<\/div>\n\t\t\t\t\t<\/div>\n\t\t\t\t<\/div>\n\t\t<div class=\"elementor-element elementor-element-f784a0e e-flex e-con-boxed e-con e-parent\" data-id=\"f784a0e\" data-element_type=\"container\" data-e-type=\"container\">\n\t\t\t\t\t<div class=\"e-con-inner\">\n\t\t<div class=\"elementor-element elementor-element-24ef107 e-con-full e-flex e-con e-child\" data-id=\"24ef107\" data-element_type=\"container\" data-e-type=\"container\">\n\t\t\t\t<div class=\"elementor-element elementor-element-f787f5a elementor-widget elementor-widget-html\" data-id=\"f787f5a\" data-element_type=\"widget\" data-e-type=\"widget\" data-widget_type=\"html.default\">\n\t\t\t\t<div class=\"elementor-widget-container\">\n\t\t\t\t\t<johku-widget width=\"300px\" id=\"majaniemi\/76b37d6d76491bdf\" locale=\"fi_FI\"><\/johku-widget>\t\t\t\t<\/div>\n\t\t\t\t<\/div>\n\t\t\t\t<\/div>\n\t\t\t\t\t<\/div>\n\t\t\t\t<\/div>\n\t\t\t\t<\/div>","protected":false},"excerpt":{"rendered":"<p>MAJANIEMEN VUOKRAM\u00d6KKI Majaniemen vuokram\u00f6kki on retkeilij\u00e4n tukikohta keskell\u00e4 Etel\u00e4-Konneveden kansallispuistoa, Etel\u00e4-Konneveden kirkkaiden vesien \u00e4\u00e4ress\u00e4. Patikoidessasi Kolmen Vuoren -vaellusreitti\u00e4 voit y\u00f6py\u00e4 reitin puoliv\u00e4liss\u00e4, nauttia kansallispuiston rauhasta ja Majaniemen vanhan hirsisaunan pehmeist\u00e4 l\u00f6ylyist\u00e4. Majaniemi soveltuu hyvin my\u00f6s veneilij\u00f6iden ja melojien tukikohdaksi, Hanhitaipaleen satamasta on matkaa vesitse noin 8 km. M\u00f6kilt\u00e4 k\u00e4sin voit my\u00f6s patikoida 2,8 km pituisen [&hellip;]<\/p>\n","protected":false},"author":1,"featured_media":0,"parent":0,"menu_order":1,"comment_status":"closed","ping_status":"closed","template":"elementor_header_footer","meta":{"footnotes":""},"class_list":["post-37","page","type-page","status-publish","hentry"],"_links":{"self":[{"href":"https:\/\/majaniemi.org\/en\/wp-json\/wp\/v2\/pages\/37","targetHints":{"allow":["GET"]}}],"collection":[{"href":"https:\/\/majaniemi.org\/en\/wp-json\/wp\/v2\/pages"}],"about":[{"href":"https:\/\/majaniemi.org\/en\/wp-json\/wp\/v2\/types\/page"}],"author":[{"embeddable":true,"href":"https:\/\/majaniemi.org\/en\/wp-json\/wp\/v2\/users\/1"}],"replies":[{"embeddable":true,"href":"https:\/\/majaniemi.org\/en\/wp-json\/wp\/v2\/comments?post=37"}],"version-history":[{"count":92,"href":"https:\/\/majaniemi.org\/en\/wp-json\/wp\/v2\/pages\/37\/revisions"}],"predecessor-version":[{"id":222,"href":"https:\/\/majaniemi.org\/en\/wp-json\/wp\/v2\/pages\/37\/revisions\/222"}],"wp:attachment":[{"href":"https:\/\/majaniemi.org\/en\/wp-json\/wp\/v2\/media?parent=37"}],"curies":[{"name":"wp","href":"https:\/\/api.w.org\/{rel}","templated":true}]}}