{"id":24,"date":"2018-04-15T04:41:02","date_gmt":"2018-04-15T04:41:02","guid":{"rendered":"https:\/\/majaniemi.org\/?page_id=24"},"modified":"2026-04-27T14:04:49","modified_gmt":"2026-04-27T14:04:49","slug":"ohjeita-mokin-ja-saunan-kayttajille","status":"publish","type":"page","link":"https:\/\/majaniemi.org\/fi\/ohjeita-mokin-ja-saunan-kayttajille\/","title":{"rendered":"Ohjeita m\u00f6kin ja saunan k\u00e4ytt\u00e4jille"},"content":{"rendered":"\t\t<div data-elementor-type=\"wp-page\" data-elementor-id=\"24\" class=\"elementor elementor-24\" data-elementor-post-type=\"page\">\n\t\t\t\t<div class=\"elementor-element elementor-element-104725b6 e-flex e-con-boxed e-con e-parent\" data-id=\"104725b6\" data-element_type=\"container\" data-e-type=\"container\">\n\t\t\t\t\t<div class=\"e-con-inner\">\n\t\t<div class=\"elementor-element elementor-element-6af3d10 e-con-full e-flex e-con e-child\" data-id=\"6af3d10\" data-element_type=\"container\" data-e-type=\"container\" data-settings=\"{&quot;background_background&quot;:&quot;classic&quot;}\">\n\t\t\t\t<div class=\"elementor-element elementor-element-ecae95c elementor-widget elementor-widget-heading\" data-id=\"ecae95c\" data-element_type=\"widget\" data-e-type=\"widget\" data-widget_type=\"heading.default\">\n\t\t\t\t<div class=\"elementor-widget-container\">\n\t\t\t\t\t<h2 class=\"elementor-heading-title elementor-size-default\">Ohjeita m\u00f6kin ja saunan k\u00e4ytt\u00e4jille<\/h2>\t\t\t\t<\/div>\n\t\t\t\t<\/div>\n\t\t\t\t<\/div>\n\t\t<div class=\"elementor-element elementor-element-1d9371c e-grid e-con-full e-con e-child\" data-id=\"1d9371c\" data-element_type=\"container\" data-e-type=\"container\">\n\t\t\t\t<div class=\"elementor-element elementor-element-b1d8ca3 elementor-widget elementor-widget-text-editor\" data-id=\"b1d8ca3\" data-element_type=\"widget\" data-e-type=\"widget\" data-widget_type=\"text-editor.default\">\n\t\t\t\t<div class=\"elementor-widget-container\">\n\t\t\t\t\t\t\t\t\t<h3>SAAPUMINEN<\/h3>\n<p>M\u00f6kille ei ole autotiet\u00e4, sinne saavutaan joko patikoimalla Kalajan parkkipaikalta Kolmen vuoren vaellusreitti\u00e4 pitkin tai vesitse Etel\u00e4-Konnevett\u00e4 pitkin. Kolmen vuoren vaellusreitill\u00e4 on kyltti &#8221;Majaniemi, kohdassa, josta haarautuu polku m\u00f6kille.\u00a0 &#8221;M\u00f6kin l\u00e4helle tulevia autoteit\u00e4 ei saa ajaa autolla, ne ovat yksityisteit\u00e4 ja Majaniemi ry ei ole niiss\u00e4 osakkaana!<\/p>\n<h3>LAITURIT<\/h3>\n<p>Niemen nokassa on isoille veneille tarkoitettu laivalaituri ja mantereen puolella saunarannassa on melontalaituri kajakeille ja pienemmille veneille.<\/p>\n<h3>AVAIN<\/h3>\n<p>M\u00f6kin avain on oven vieress\u00e4 olevassa numerolukolla lukitussa avankaapissa.\u00a0 Saunan avain l\u00f6ytyy m\u00f6kin eteisest\u00e4 ja se k\u00e4y my\u00f6s keittokatoksessa ovevan keitinpaapin lukkoon. Vuokraajille l\u00e4hetet\u00e4\u00e4n numerokoodi vuokraajan varaamisen yhteydess\u00e4 ilmoittamaan puhelinnumeroon ja s\u00e4hk\u00f6postiin 12 h ennen vuokra-ajan alkua.<\/p>\n<h3>VESI<\/h3>\n<p>M\u00f6kill\u00e4 ei ole kaivoa. Etel\u00e4-Konneveden vesi on puhdasta ja osa paikallisista m\u00f6kkil\u00e4isist\u00e4 k\u00e4ytt\u00e4\u00e4 sit\u00e4 juomaveten\u00e4 sellaisenaan, mutta emme voi taata j\u00e4rviveden puhtautta. Halutessasi voit keitt\u00e4\u00e4 veden ennen k\u00e4ytt\u00f6\u00e4.<\/p>\n<h3>L\u00c4MMITYS<\/h3>\n<p>M\u00f6kill\u00e4 on puul\u00e4mmitteinen takka.\u00a0 Avaa takan savupelti peltihormin takaa ennen tulen sytytt\u00e4mist\u00e4 ja sulje se vasta kun olet varma ett\u00e4 hiillos on palanut loppuun ja h\u00e4k\u00e4\u00e4 ei muodostu. M\u00f6kki on lautarakenteinen ja tarkoitettu ns. kolmen vuodenajan k\u00e4ytt\u00f6\u00f6n. Jos majoitut t\u00e4\u00e4ll\u00e4 viileill\u00e4 keleill\u00e4, niin tarvitset keliin sopivna makuupussin varmistaaksesi mukavat y\u00f6unet.<\/p>\n<h3>VALAISTUS<\/h3>\n<p>M\u00f6kill\u00e4 on aurinkopaneelilla toimiva valaistus.\u00a0 Varaa mukaan oma hautakynttil\u00e4, jota voit k\u00e4ytt\u00e4\u00e4 valona saunalla. Ole huolellinen kynttil\u00f6iden kanssa; \u00e4l\u00e4 j\u00e4t\u00e4 palavaa kynttil\u00e4\u00e4 ilman valvontaa, polta kynttil\u00e4\u00e4 vain palamattomalla alustalla ja \u00e4l\u00e4 laita tuikkuja tai \u00f6ljykynttil\u00f6it\u00e4 palamaan l\u00e4hekk\u00e4in toisiaan leimahdusvaaran takia.<\/p>\n<h3>NUKKUMINEN<\/h3>\n<p>Majaniemess\u00e4 on tuvassa kaksi kerross\u00e4nky\u00e4 eli nukkumapaikat nelj\u00e4lle. Eteisess\u00e4 on yksi kerross\u00e4nky lis\u00e4\u00e4. S\u00e4ngyiss\u00e4 on patjat, mutta ei liinavaateita, peittoja eik\u00e4 tyynyj\u00e4 \u2013 ota mukaan oma vuodenaikaan sopiva makuupussi.<\/p>\t\t\t\t\t\t\t\t<\/div>\n\t\t\t\t<\/div>\n\t\t\t\t<div class=\"elementor-element elementor-element-281cf17 elementor-widget elementor-widget-text-editor\" data-id=\"281cf17\" data-element_type=\"widget\" data-e-type=\"widget\" data-widget_type=\"text-editor.default\">\n\t\t\t\t<div class=\"elementor-widget-container\">\n\t\t\t\t\t\t\t\t\t<h3>RUUANVALMISTUS<\/h3>\n<p>kaasukeitin ja -pullo ovat pihalla olevassa keittokatoksessa keitinkaapissa. M\u00f6kill\u00e4 on perusastiasto; kattila, paistinpannu, ruokailuv\u00e4lineet, lautaset, aterimet ja tiskausv\u00e4lineet. N\u00e4m\u00e4 on tarkoitettu k\u00e4ytett\u00e4v\u00e4ksi kaasulla.\u00a0 Jos haluat valmistaa ruokaa ulkona nuotiolla niin varaa mukaan omat nuotioastiat. Astioiden pesu tapahtuu pesuvadissa, kaada pesuvesi maahan keskelle nieme\u00e4, jotta Etel\u00e4-Konneveden vesi s\u00e4ilyy tulevaisuudessakin puhtaana.<br \/>Kaasukeittimen k\u00e4ytt\u00f6ohjeet:<br \/>1. Kytke paineens\u00e4\u00e4din pullon p\u00e4\u00e4ll\u00e4 olevaan liittimeen puristamalla sormilla lukitusrengasta yl\u00f6sp\u00e4in ja painamalla s\u00e4\u00e4din pullon p\u00e4\u00e4lle kiinni.\u00a0<br \/>2. Paina lieden s\u00e4\u00e4t\u00f6nuppia samalla kun avaat sen. Sytyt\u00e4 jasamalla pid\u00e4 hetki s\u00e4\u00e4t\u00f6nuppia painettuna. Liekinvarmistin sammuttaa kaasun tulon jos lopetat painamisen liian aikaisin. Silloin anna kaasun haihtua ja yrit\u00e4 parin minuutin p\u00e4\u00e4st\u00e4 uudelleen.<br \/>3. Sammuta k\u00e4\u00e4nt\u00e4m\u00e4ll\u00e4 s\u00e4\u00e4t\u00f6nuppi nollalle.<br \/>Keitint\u00e4 ei saa k\u00e4ytt\u00e4\u00e4 sis\u00e4tiloissa!<\/p>\n<h3>J\u00c4TEHUOLTO<\/h3>\n<p>Majaniemess\u00e4 ei ole j\u00e4rjestetty\u00e4 j\u00e4tehuoltoa, noudatamme roskattoman retkeilyn periaatetta. Maatuva j\u00e4te kuten ruuant\u00e4hteet kompostoituvat WC:ss\u00e4. Kaikki muu j\u00e4te tulee ottaa l\u00e4htiess\u00e4 mukaan ja toimittaa normaalin j\u00e4tehuollon piiriin.<\/p>\n<h3>TUHKAT<\/h3>\n<p>Tuhkia varten m\u00f6kill\u00e4 on kannellinen peltinen tuhka-astia. Tuhkaa ei saa heitt\u00e4\u00e4 luontoon tulipalovaaran takia.<\/p>\n<h3>WC<\/h3>\n<p>Kansallispuistoon menev\u00e4n polun varressa noin 50 m p\u00e4\u00e4ss\u00e4 on kompostoiva kuivak\u00e4ym\u00e4l\u00e4. Lis\u00e4\u00e4 kuiviketta aina k\u00e4yt\u00f6n j\u00e4lkeen jotta seuraavan on mukava saapua sinne.<\/p>\n<h3>SAUNA<\/h3>\n<p>Sauna on vanha maalattiainen savusauna, johon on asennettu hormi ja puul\u00e4mmitteinen kiuas. Savukiuas ei ole k\u00e4yt\u00f6ss\u00e4 \u2013 se on j\u00e4tetty paikalleen muistuttamaan menneist\u00e4 ajoista. Pesuvesi otetaan j\u00e4rvest\u00e4 ja l\u00e4mmitet\u00e4\u00e4n kiukaan vaipassa olevassa vesis\u00e4ili\u00f6ss\u00e4. Ole varovainen kuuman veden kanssa \u2013 Kiukaan vaipassa l\u00e4mmitetty vesi on usein kiehuvan kuumaa! Saunan hormissa ei ole pelti\u00e4, jota tarvitsisi avata ennen l\u00e4mmityst\u00e4. Ikkunan suojaluukku avataan kiert\u00e4m\u00e4ll\u00e4 saunan sis\u00e4puolella oleva siipimutteri irti. TYHJENN\u00c4 KIUKAAN VESIS\u00c4ILI\u00d6 AINA K\u00c4YT\u00d6N J\u00c4LKEEN JOTTA SE EI RUOSTU TAI J\u00c4\u00c4DY.<\/p>\t\t\t\t\t\t\t\t<\/div>\n\t\t\t\t<\/div>\n\t\t\t\t<div class=\"elementor-element elementor-element-6638178 elementor-widget elementor-widget-text-editor\" data-id=\"6638178\" data-element_type=\"widget\" data-e-type=\"widget\" data-widget_type=\"text-editor.default\">\n\t\t\t\t<div class=\"elementor-widget-container\">\n\t\t\t\t\t\t\t\t\t<h3>POLTTOPUUT<\/h3>\n<p>Puuvarasto on saunan terassilla. K\u00e4yt\u00e4th\u00e4n puita s\u00e4\u00e4steli\u00e4\u00e4sti \u2013 polttopuuhuolto tehd\u00e4\u00e4n talvella m\u00f6nkij\u00e4ll\u00e4 ja kes\u00e4ll\u00e4 veneell\u00e4.<\/p>\n<h3>LOPPUSIIVOUS<\/h3>\n<p>Siivoa m\u00f6kki ja sauna poisl\u00e4htiess\u00e4si, jotta seuraavan asiakkaan on miellytt\u00e4v\u00e4 saapua. Siivoukseen kuuluu: p\u00f6yd\u00e4n, tuolien ja keittonurkkauksen pyyhint\u00e4\/pesu kostealla r\u00e4till\u00e4, astioiden tiskaus, lattioiden lakaisu, tuhkien tyhjennys tulisijoista, roskien keruu ja poisvienti m\u00f6kilt\u00e4, saunalta ja pihapiirist\u00e4.<\/p>\n<h3>TURVALLISUUS<\/h3>\n<p>K\u00e4mp\u00e4n sijainti h\u00e4t\u00e4keskuksen k\u00e4ytt\u00e4m\u00e4ss\u00e4 WGS84 koordinaatistossa:<br \/>N\/P: 62\u00b034\u00b449.433<br \/>E\/I: 26\u00b038\u00b454.346<br \/>Suosittelemme lataamaan puhelimeen 112SUOMI sovelluksen! Se ilmoittaa h\u00e4t\u00e4keskukselle automaattisesti puhelimen sijainnin h\u00e4t\u00e4puhelun aikana.<\/p>\n<h3>Lemmikit<\/h3>\n<p>My\u00f6s koirien kanssa retkeilij\u00e4t ovat tervetulleita Majaniemeen.\u00a0 Koirat voivat olla m\u00f6kiss\u00e4 sis\u00e4ll\u00e4, mutta eth\u00e4n kuitenkaan p\u00e4\u00e4st\u00e4 koiria s\u00e4nkyihin!\u00a0 Ota koiralle oma juomakuppi ja makuualusta mukaan.<\/p>\n<h3>MUUTA<\/h3>\n<p>K\u00e4mpp\u00e4 on t\u00e4ysin vuokralaisen omassa k\u00e4yt\u00f6ss\u00e4 iltaisin ja \u00f6isin. Klo 12 &#8211; 18 v\u00e4lisen\u00e4 aikana k\u00e4mp\u00e4n pihapiiriss\u00e4 saattaa k\u00e4yd\u00e4 Majaniemi ry:n j\u00e4senten opastettuja melonta- tai laivaristeilyryhmi\u00e4 tauolla.<\/p>\n<p>Kysy rohkeasti lis\u00e4tietoja jos jokin asia askarruttaa. Puh 050 5988944 \/ Markku Utriainen<\/p>\n<p><\/p>\n<p>\u00a0<\/p>\t\t\t\t\t\t\t\t<\/div>\n\t\t\t\t<\/div>\n\t\t\t\t<\/div>\n\t\t\t\t<div class=\"elementor-element elementor-element-5fa77f75 elementor-widget elementor-widget-text-editor\" data-id=\"5fa77f75\" data-element_type=\"widget\" data-e-type=\"widget\" data-widget_type=\"text-editor.default\">\n\t\t\t\t<div class=\"elementor-widget-container\">\n\t\t\t\t\t\t\t\t\t<p>\u00a0<\/p>\n<p>\u00a0<\/p>\n<p>\u00a0<\/p>\n\t\t\t\t\t\t\t\t<\/div>\n\t\t\t\t<\/div>\n\t\t\t\t\t<\/div>\n\t\t\t\t<\/div>\n\t\t\t\t<\/div>\n\t\t","protected":false},"excerpt":{"rendered":"<p>Ohjeita m\u00f6kin ja saunan k\u00e4ytt\u00e4jille SAAPUMINEN M\u00f6kille ei ole autotiet\u00e4, sinne saavutaan joko patikoimalla Kalajan parkkipaikalta Kolmen vuoren vaellusreitti\u00e4 pitkin tai vesitse Etel\u00e4-Konnevett\u00e4 pitkin. Kolmen vuoren vaellusreitill\u00e4 on kyltti &#8221;Majaniemi, kohdassa, josta haarautuu polku m\u00f6kille.\u00a0 &#8221;M\u00f6kin l\u00e4helle tulevia autoteit\u00e4 ei saa ajaa autolla, ne ovat yksityisteit\u00e4 ja Majaniemi ry ei ole niiss\u00e4 osakkaana! LAITURIT Niemen [&hellip;]<\/p>\n","protected":false},"author":1,"featured_media":0,"parent":0,"menu_order":0,"comment_status":"closed","ping_status":"closed","template":"","meta":{"footnotes":""},"class_list":["post-24","page","type-page","status-publish","hentry"],"_links":{"self":[{"href":"https:\/\/majaniemi.org\/fi\/wp-json\/wp\/v2\/pages\/24","targetHints":{"allow":["GET"]}}],"collection":[{"href":"https:\/\/majaniemi.org\/fi\/wp-json\/wp\/v2\/pages"}],"about":[{"href":"https:\/\/majaniemi.org\/fi\/wp-json\/wp\/v2\/types\/page"}],"author":[{"embeddable":true,"href":"https:\/\/majaniemi.org\/fi\/wp-json\/wp\/v2\/users\/1"}],"replies":[{"embeddable":true,"href":"https:\/\/majaniemi.org\/fi\/wp-json\/wp\/v2\/comments?post=24"}],"version-history":[{"count":19,"href":"https:\/\/majaniemi.org\/fi\/wp-json\/wp\/v2\/pages\/24\/revisions"}],"predecessor-version":[{"id":166,"href":"https:\/\/majaniemi.org\/fi\/wp-json\/wp\/v2\/pages\/24\/revisions\/166"}],"wp:attachment":[{"href":"https:\/\/majaniemi.org\/fi\/wp-json\/wp\/v2\/media?parent=24"}],"curies":[{"name":"wp","href":"https:\/\/api.w.org\/{rel}","templated":true}]}}