{"id":37,"date":"2018-04-15T05:26:44","date_gmt":"2018-04-15T05:26:44","guid":{"rendered":"https:\/\/majaniemi.org\/?page_id=37"},"modified":"2025-03-06T10:53:15","modified_gmt":"2025-03-06T10:53:15","slug":"etusivu","status":"publish","type":"page","link":"https:\/\/majaniemi.org\/fi\/","title":{"rendered":"Majaniemen m\u00f6kki"},"content":{"rendered":"\t\t<div data-elementor-type=\"wp-page\" data-elementor-id=\"37\" class=\"elementor elementor-37\" data-elementor-post-type=\"page\">\n\t\t\t\t<div class=\"elementor-element elementor-element-4498a07b e-flex e-con-boxed e-con e-parent\" data-id=\"4498a07b\" data-element_type=\"container\">\n\t\t\t\t\t<div class=\"e-con-inner\">\n\t\t<div class=\"elementor-element elementor-element-f16adfc e-con-full e-flex e-con e-child\" data-id=\"f16adfc\" data-element_type=\"container\" data-settings=\"{&quot;background_background&quot;:&quot;classic&quot;}\">\n\t\t\t\t<div class=\"elementor-element elementor-element-c9f4ef4 elementor-widget elementor-widget-heading\" data-id=\"c9f4ef4\" data-element_type=\"widget\" data-widget_type=\"heading.default\">\n\t\t\t\t<div class=\"elementor-widget-container\">\n\t\t\t\t\t<h2 class=\"elementor-heading-title elementor-size-default\">MAJANIEMEN M\u00d6KKI<\/h2>\t\t\t\t<\/div>\n\t\t\t\t<\/div>\n\t\t\t\t<\/div>\n\t\t\t\t\t<\/div>\n\t\t\t\t<\/div>\n\t\t<div class=\"elementor-element elementor-element-ddf4175 e-flex e-con-boxed e-con e-parent\" data-id=\"ddf4175\" data-element_type=\"container\">\n\t\t\t\t\t<div class=\"e-con-inner\">\n\t\t<div class=\"elementor-element elementor-element-282bbdd e-grid e-con-full e-con e-child\" data-id=\"282bbdd\" data-element_type=\"container\">\n\t\t\t\t<div class=\"elementor-element elementor-element-074ffb4 elementor-widget elementor-widget-text-editor\" data-id=\"074ffb4\" data-element_type=\"widget\" data-widget_type=\"text-editor.default\">\n\t\t\t\t<div class=\"elementor-widget-container\">\n\t\t\t\t\t\t\t\t\t<p>Majaniemen m\u00f6kki on retkeilij\u00e4n tukikohta keskell\u00e4 Etel\u00e4-Konneveden kansallispuistoa, Etel\u00e4-Konneveden kirkkaiden vesien \u00e4\u00e4ress\u00e4.<\/p><p>Patikoidessasi Kolmen Vuoren -vaellusreitti\u00e4 voit y\u00f6py\u00e4 reitin puoliv\u00e4liss\u00e4, nauttia kansallispuiston rauhasta ja Majaniemen vanhan hirsisaunan pehmeist\u00e4 l\u00f6ylyist\u00e4.<\/p><p>Majaniemi soveltuu hyvin my\u00f6s veneilij\u00f6iden ja melojien tukikohdaksi, Hanhitaipaleen satamasta on matkaa vesitse noin 8 km. M\u00f6kilt\u00e4 k\u00e4sin voit my\u00f6s patikoida 2,8 km pituisen Loukkuvuoren lenkin, joka nousee Loukkuvuoren n\u00e4k\u00f6alapaikalle.<\/p><p>M\u00f6kin vuokraus tapahtuu verkkokaupan kautta valitsemalla alla olevasta varauskalenterista haluttu ajankohta. Kalenterissa varattavissa olevat ajankohdat ovat tummanvihre\u00e4ll\u00e4 ja varatut ajat punaisella.<\/p>\t\t\t\t\t\t\t\t<\/div>\n\t\t\t\t<\/div>\n\t\t\t\t<div class=\"elementor-element elementor-element-aa7e189 elementor-widget elementor-widget-text-editor\" data-id=\"aa7e189\" data-element_type=\"widget\" data-widget_type=\"text-editor.default\">\n\t\t\t\t<div class=\"elementor-widget-container\">\n\t\t\t\t\t\t\t\t\t<p>M\u00f6kiss\u00e4 on s\u00e4ngyt ja patjat nelj\u00e4lle hengelle, lis\u00e4ksi eteisess\u00e4 on kaksi kerros\u00e4nky\u00e4. Pihapiiriss\u00e4 on my\u00f6s mahdollista telttailla omassa teltassa tai laittaa riipumatto vanhojen m\u00e4ntyjen v\u00e4liin. My\u00f6s lemmikit ovat tervetulleita Majaniemeen. Katso tarkemmat tiedot Ohjeita m\u00f6kin ja saunan k\u00e4ytt\u00e4jille -v\u00e4lilehdelt\u00e4.<br \/>M\u00f6kki on vuokrattavissa kes\u00e4kautena, 1.5. &#8211; 31.10. v\u00e4lisen\u00e4 aikana. Vuokra-aika alkaa aina klo 12 ja p\u00e4\u00e4ttyy seuraavana p\u00e4iv\u00e4n\u00e4 klo 11.<\/p><p>M\u00f6kin pihapiiriss\u00e4 voi satunnaisesti k\u00e4yd\u00e4 tauolla ja ruokailemassa Majaniemi ry:n osakkaiden j\u00e4rjest\u00e4mi\u00e4 melonta-tai laivaristeilyryhmi\u00e4 klo 12 \u2013 17 v\u00e4lisen\u00e4 aikana.<\/p><p>Muuna aikan m\u00f6kki on t\u00e4ysin vuokraajan k\u00e4yt\u00f6ss\u00e4.<\/p>\t\t\t\t\t\t\t\t<\/div>\n\t\t\t\t<\/div>\n\t\t\t\t<div class=\"elementor-element elementor-element-20f696c elementor-widget elementor-widget-text-editor\" data-id=\"20f696c\" data-element_type=\"widget\" data-widget_type=\"text-editor.default\">\n\t\t\t\t<div class=\"elementor-widget-container\">\n\t\t\t\t\t\t\t\t\t<p>Majaniemen m\u00f6kki sijaitsee omalla 0,5 ha tontillaan Majaniemen etel\u00e4k\u00e4rjess\u00e4 keskell\u00e4 kansallispuistoa, 300 m sivupolun p\u00e4\u00e4ss\u00e4 Kolmen Vuoren vaellusreitilt\u00e4. Alunperin niemen k\u00e4rjess\u00e4 on ollut Rautalammin seurakunnan Kosken pappilan kalamaja, jonne pappilan v\u00e4ki on tehnyt kes\u00e4isi\u00e4 veneretki\u00e4. Nykyisin sen omistaa Laukaan seurakunta, jolta Majaniemi Ry on vuokrannut sen, kunnostanut ja vuokraa sit\u00e4 edelleen retkeilij\u00f6iden tukikohdaksi.<\/p><p>Tervetuloa Majaniemeen!<\/p><p>Majaniemi ry<br \/>Markku Utriainen<br \/>p. 0505988944<br \/>utriainen.markku64@gmail.com<\/p>\t\t\t\t\t\t\t\t<\/div>\n\t\t\t\t<\/div>\n\t\t\t\t<div class=\"elementor-element elementor-element-2c425ef elementor-widget elementor-widget-html\" data-id=\"2c425ef\" data-element_type=\"widget\" data-widget_type=\"html.default\">\n\t\t\t\t<div class=\"elementor-widget-container\">\n\t\t\t\t\t<johku-widget width=\"300px\" id=\"majaniemi\/76b37d6d76491bdf\" locale=\"fi_FI\"><\/johku-widget>\t\t\t\t<\/div>\n\t\t\t\t<\/div>\n\t\t<div class=\"elementor-element elementor-element-821ab20 e-con-full e-flex e-con e-child\" data-id=\"821ab20\" data-element_type=\"container\" data-settings=\"{&quot;background_background&quot;:&quot;classic&quot;}\">\n\t\t\t\t<\/div>\n\t\t<div class=\"elementor-element elementor-element-547981f e-con-full e-flex e-con e-child\" data-id=\"547981f\" data-element_type=\"container\" data-settings=\"{&quot;background_background&quot;:&quot;classic&quot;}\">\n\t\t\t\t<\/div>\n\t\t\t\t<\/div>\n\t\t\t\t\t<\/div>\n\t\t\t\t<\/div>\n\t\t\t\t<\/div>\n\t\t","protected":false},"excerpt":{"rendered":"<p>MAJANIEMEN M\u00d6KKI Majaniemen m\u00f6kki on retkeilij\u00e4n tukikohta keskell\u00e4 Etel\u00e4-Konneveden kansallispuistoa, Etel\u00e4-Konneveden kirkkaiden vesien \u00e4\u00e4ress\u00e4. Patikoidessasi Kolmen Vuoren -vaellusreitti\u00e4 voit y\u00f6py\u00e4 reitin puoliv\u00e4liss\u00e4, nauttia kansallispuiston rauhasta ja Majaniemen vanhan hirsisaunan pehmeist\u00e4 l\u00f6ylyist\u00e4. Majaniemi soveltuu hyvin my\u00f6s veneilij\u00f6iden ja melojien tukikohdaksi, Hanhitaipaleen satamasta on matkaa vesitse noin 8 km. M\u00f6kilt\u00e4 k\u00e4sin voit my\u00f6s patikoida 2,8 km pituisen [&hellip;]<\/p>\n","protected":false},"author":1,"featured_media":0,"parent":0,"menu_order":1,"comment_status":"closed","ping_status":"closed","template":"","meta":{"footnotes":""},"class_list":["post-37","page","type-page","status-publish","hentry"],"_links":{"self":[{"href":"https:\/\/majaniemi.org\/fi\/wp-json\/wp\/v2\/pages\/37","targetHints":{"allow":["GET"]}}],"collection":[{"href":"https:\/\/majaniemi.org\/fi\/wp-json\/wp\/v2\/pages"}],"about":[{"href":"https:\/\/majaniemi.org\/fi\/wp-json\/wp\/v2\/types\/page"}],"author":[{"embeddable":true,"href":"https:\/\/majaniemi.org\/fi\/wp-json\/wp\/v2\/users\/1"}],"replies":[{"embeddable":true,"href":"https:\/\/majaniemi.org\/fi\/wp-json\/wp\/v2\/comments?post=37"}],"version-history":[{"count":40,"href":"https:\/\/majaniemi.org\/fi\/wp-json\/wp\/v2\/pages\/37\/revisions"}],"predecessor-version":[{"id":152,"href":"https:\/\/majaniemi.org\/fi\/wp-json\/wp\/v2\/pages\/37\/revisions\/152"}],"wp:attachment":[{"href":"https:\/\/majaniemi.org\/fi\/wp-json\/wp\/v2\/media?parent=37"}],"curies":[{"name":"wp","href":"https:\/\/api.w.org\/{rel}","templated":true}]}}